{"id":951,"date":"2024-08-23T20:30:14","date_gmt":"2024-08-23T23:30:14","guid":{"rendered":"https:\/\/dendi.uy\/?page_id=951"},"modified":"2024-08-23T21:23:25","modified_gmt":"2024-08-24T00:23:25","slug":"formulario","status":"publish","type":"page","link":"https:\/\/dendi.uy\/en\/formulario\/","title":{"rendered":"formulario"},"content":{"rendered":"<div data-elementor-type=\"wp-page\" data-elementor-id=\"951\" class=\"elementor elementor-951\">\n\t\t\t\t<div class=\"elementor-element elementor-element-f9a5c81 e-flex e-con-boxed e-con e-parent\" data-id=\"f9a5c81\" data-element_type=\"container\" data-settings=\"{&quot;background_background&quot;:&quot;classic&quot;}\">\n\t\t\t\t\t<div class=\"e-con-inner\">\n\t\t<div class=\"elementor-element elementor-element-273a285 e-con-full e-flex e-con e-child\" data-id=\"273a285\" data-element_type=\"container\">\n\t\t\t\t<div class=\"elementor-element elementor-element-6cd4c36 elementor-widget__width-initial elementor-widget elementor-widget-image\" data-id=\"6cd4c36\" data-element_type=\"widget\" data-widget_type=\"image.default\">\n\t\t\t\t<div class=\"elementor-widget-container\">\n\t\t\t<style>\/*! elementor - v3.23.0 - 25-07-2024 *\/\n.elementor-widget-image{text-align:center}.elementor-widget-image a{display:inline-block}.elementor-widget-image a img[src$=\".svg\"]{width:48px}.elementor-widget-image img{vertical-align:middle;display:inline-block}<\/style>\t\t\t\t\t\t\t\t\t\t<img decoding=\"async\" width=\"82\" height=\"80\" src=\"https:\/\/dendi.uy\/wp-content\/uploads\/2024\/05\/logo-footer.png\" class=\"attachment-large size-large wp-image-289\" alt=\"\" \/>\t\t\t\t\t\t\t\t\t\t\t\t\t<\/div>\n\t\t\t\t<\/div>\n\t\t\t\t<div class=\"elementor-element elementor-element-1b7c5eb elementor-widget__width-initial elementor-widget elementor-widget-image\" data-id=\"1b7c5eb\" data-element_type=\"widget\" data-widget_type=\"image.default\">\n\t\t\t\t<div class=\"elementor-widget-container\">\n\t\t\t\t\t\t\t\t\t\t\t\t\t<img decoding=\"async\" width=\"75\" height=\"75\" src=\"https:\/\/dendi.uy\/wp-content\/uploads\/2024\/08\/facebook.png\" class=\"attachment-large size-large wp-image-967\" alt=\"\" srcset=\"https:\/\/dendi.uy\/wp-content\/uploads\/2024\/08\/facebook.png 75w, https:\/\/dendi.uy\/wp-content\/uploads\/2024\/08\/facebook-12x12.png 12w\" sizes=\"(max-width: 75px) 100vw, 75px\" \/>\t\t\t\t\t\t\t\t\t\t\t\t\t<\/div>\n\t\t\t\t<\/div>\n\t\t\t\t<div class=\"elementor-element elementor-element-580f0e0 elementor-widget__width-initial elementor-widget elementor-widget-image\" data-id=\"580f0e0\" data-element_type=\"widget\" data-widget_type=\"image.default\">\n\t\t\t\t<div class=\"elementor-widget-container\">\n\t\t\t\t\t\t\t\t\t\t\t\t\t<img decoding=\"async\" width=\"75\" height=\"75\" src=\"https:\/\/dendi.uy\/wp-content\/uploads\/2024\/08\/instagram.png\" class=\"attachment-large size-large wp-image-968\" alt=\"\" srcset=\"https:\/\/dendi.uy\/wp-content\/uploads\/2024\/08\/instagram.png 75w, https:\/\/dendi.uy\/wp-content\/uploads\/2024\/08\/instagram-12x12.png 12w\" sizes=\"(max-width: 75px) 100vw, 75px\" \/>\t\t\t\t\t\t\t\t\t\t\t\t\t<\/div>\n\t\t\t\t<\/div>\n\t\t\t\t<div class=\"elementor-element elementor-element-10d76fe elementor-widget__width-initial elementor-widget elementor-widget-image\" data-id=\"10d76fe\" data-element_type=\"widget\" data-widget_type=\"image.default\">\n\t\t\t\t<div class=\"elementor-widget-container\">\n\t\t\t\t\t\t\t\t\t\t\t\t\t<img loading=\"lazy\" decoding=\"async\" width=\"75\" height=\"75\" src=\"https:\/\/dendi.uy\/wp-content\/uploads\/2024\/08\/linkedin.png\" class=\"attachment-large size-large wp-image-966\" alt=\"\" srcset=\"https:\/\/dendi.uy\/wp-content\/uploads\/2024\/08\/linkedin.png 75w, https:\/\/dendi.uy\/wp-content\/uploads\/2024\/08\/linkedin-12x12.png 12w\" sizes=\"(max-width: 75px) 100vw, 75px\" \/>\t\t\t\t\t\t\t\t\t\t\t\t\t<\/div>\n\t\t\t\t<\/div>\n\t\t\t\t<\/div>\n\t\t<div class=\"elementor-element elementor-element-8b4fc10 e-flex e-con-boxed e-con e-child\" data-id=\"8b4fc10\" data-element_type=\"container\">\n\t\t\t\t\t<div class=\"e-con-inner\">\n\t\t\t\t<div class=\"elementor-element elementor-element-7986f85 elementor-widget elementor-widget-heading\" data-id=\"7986f85\" data-element_type=\"widget\" data-widget_type=\"heading.default\">\n\t\t\t\t<div class=\"elementor-widget-container\">\n\t\t\t<style>\/*! elementor - v3.23.0 - 25-07-2024 *\/\n.elementor-heading-title{padding:0;margin:0;line-height:1}.elementor-widget-heading .elementor-heading-title[class*=elementor-size-]>a{color:inherit;font-size:inherit;line-height:inherit}.elementor-widget-heading .elementor-heading-title.elementor-size-small{font-size:15px}.elementor-widget-heading .elementor-heading-title.elementor-size-medium{font-size:19px}.elementor-widget-heading .elementor-heading-title.elementor-size-large{font-size:29px}.elementor-widget-heading .elementor-heading-title.elementor-size-xl{font-size:39px}.elementor-widget-heading .elementor-heading-title.elementor-size-xxl{font-size:59px}<\/style><h4 class=\"elementor-heading-title elementor-size-default\">We are here to advise you.<\/h4>\t\t<\/div>\n\t\t\t\t<\/div>\n\t\t\t\t<div class=\"elementor-element elementor-element-0792ba2 elementor-widget elementor-widget-heading\" data-id=\"0792ba2\" data-element_type=\"widget\" data-widget_type=\"heading.default\">\n\t\t\t\t<div class=\"elementor-widget-container\">\n\t\t\t<h4 class=\"elementor-heading-title elementor-size-default\">How can we assist you?<\/h4>\t\t<\/div>\n\t\t\t\t<\/div>\n\t\t\t\t<div class=\"elementor-element elementor-element-8ff5c22 eael-contact-form-7-button-align-left eael-contact-form-7-button-custom elementor-widget elementor-widget-eael-contact-form-7\" data-id=\"8ff5c22\" data-element_type=\"widget\" data-widget_type=\"eael-contact-form-7.default\">\n\t\t\t\t<div class=\"elementor-widget-container\">\n\t\t\t<div class=\"eael-contact-form-7-wrapper\">\n                <div class=\"eael-contact-form eael-contact-form-7 eael-contact-form-8ff5c22 placeholder-show eael-contact-form-align-center\">\n<div class=\"wpcf7 no-js\" id=\"wpcf7-f972-o1\" lang=\"es-UY\" dir=\"ltr\">\n<div class=\"screen-reader-response\"><p role=\"status\" aria-live=\"polite\" aria-atomic=\"true\"><\/p> <ul><\/ul><\/div>\n<form action=\"\/en\/wp-json\/wp\/v2\/pages\/951#wpcf7-f972-o1\" method=\"post\" class=\"wpcf7-form init\" aria-label=\"Contact form\" novalidate=\"novalidate\" data-status=\"init\" data-trp-original-action=\"\/en\/wp-json\/wp\/v2\/pages\/951#wpcf7-f972-o1\">\n<div style=\"display: none;\">\n<input type=\"hidden\" name=\"_wpcf7\" value=\"972\" \/>\n<input type=\"hidden\" name=\"_wpcf7_version\" value=\"5.9.8\" \/>\n<input type=\"hidden\" name=\"_wpcf7_locale\" value=\"es_UY\" \/>\n<input type=\"hidden\" name=\"_wpcf7_unit_tag\" value=\"wpcf7-f972-o1\" \/>\n<input type=\"hidden\" name=\"_wpcf7_container_post\" value=\"0\" \/>\n<input type=\"hidden\" name=\"_wpcf7_posted_data_hash\" value=\"\" \/>\n<input type=\"hidden\" name=\"_wpcf7_recaptcha_response\" value=\"\" \/>\n<\/div>\n<div id=\"responsive-form\" class=\"clearfix\">\n\t<div class=\"form-row\">\n\t\t<div class=\"column-half\">\n\t\t\t<p><label><br \/>\n<span class=\"wpcf7-form-control-wrap\" data-name=\"your-name\"><input size=\"40\" maxlength=\"400\" class=\"wpcf7-form-control wpcf7-text wpcf7-validates-as-required\" autocomplete=\"name\" aria-required=\"true\" aria-invalid=\"false\" placeholder=\"Nombre\" value=\"\" type=\"text\" name=\"your-name\" \/><\/span> <\/label>\n\t\t\t<\/p>\n\t\t<\/div>\n\t\t<div class=\"column-half\">\n\t\t\t<p><label><br \/>\n<span class=\"wpcf7-form-control-wrap\" data-name=\"empresa\"><input size=\"40\" maxlength=\"400\" class=\"wpcf7-form-control wpcf7-text wpcf7-validates-as-required\" aria-required=\"true\" aria-invalid=\"false\" placeholder=\"Company\" value=\"\" type=\"text\" name=\"empresa\" \/><\/span><br \/>\n<\/label>\n\t\t\t<\/p>\n\t\t<\/div>\n\t<\/div>\n\t<div class=\"form-row\">\n\t\t<div class=\"column-half\">\n\t\t\t<p><label><span class=\"wpcf7-form-control-wrap\" data-name=\"your-email\"><input size=\"40\" maxlength=\"400\" class=\"wpcf7-form-control wpcf7-email wpcf7-validates-as-required wpcf7-text wpcf7-validates-as-email\" autocomplete=\"email\" aria-required=\"true\" aria-invalid=\"false\" placeholder=\"E-mail\" value=\"\" type=\"email\" name=\"your-email\" \/><\/span> <\/label>\n\t\t\t<\/p>\n\t\t<\/div>\n\t\t<div class=\"column-half\">\n\t\t\t<p><label><span class=\"wpcf7-form-control-wrap\" data-name=\"telefono\"><input size=\"40\" maxlength=\"400\" class=\"wpcf7-form-control wpcf7-tel wpcf7-text wpcf7-validates-as-tel\" aria-invalid=\"false\" placeholder=\"Tel\u00e9fono\" value=\"\" type=\"tel\" name=\"telefono\" \/><\/span><br \/>\n<\/label>\n\t\t\t<\/p>\n\t\t<\/div>\n\t<\/div>\n\t<div class=\"column-full\">\n\t\t<p><label><span class=\"wpcf7-form-control-wrap\" data-name=\"x3\"><textarea cols=\"40\" rows=\"10\" maxlength=\"2000\" class=\"wpcf7-form-control wpcf7-textarea\" aria-invalid=\"false\" placeholder=\"Consulta\" name=\"x3\"><\/textarea><\/span> <\/label>\n\t\t<\/p>\n\t<\/div>\n\t<div class=\"column-half\">\n\t<span class=\"wpcf7-form-control-wrap recaptcha\" data-name=\"recaptcha\"><span data-sitekey=\"6Lfjqd4pAAAAACNtLcG6SP3Y4lyn1Gyi0DfI8MTw\" data-size=\"compact\" class=\"wpcf7-form-control wpcf7-recaptcha g-recaptcha\"><\/span>\r\n<noscript>\r\n\t<div class=\"grecaptcha-noscript\">\r\n\t\t<iframe src=\"https:\/\/www.google.com\/recaptcha\/api\/fallback?k=6Lfjqd4pAAAAACNtLcG6SP3Y4lyn1Gyi0DfI8MTw\" frameborder=\"0\" scrolling=\"no\" width=\"310\" height=\"430\">\r\n\t\t<\/iframe>\r\n\t\t<textarea name=\"g-recaptcha-response\" rows=\"3\" cols=\"40\" placeholder=\"reCaptcha Response Here\">\r\n\t\t<\/textarea>\r\n\t<\/div>\r\n<\/noscript>\r\n<\/span>\n\t\t<p><input class=\"wpcf7-form-control wpcf7-submit has-spinner\" type=\"submit\" value=\"Send\" \/>\n\t\t<\/p>\n\t<\/div>\n<\/div>\n<div class=\"wpcf7-response-output\" aria-hidden=\"true\"><\/div>\n<input type=\"hidden\" name=\"trp-form-language\" value=\"en\"\/><\/form>\n<\/div>\n<\/div>\n            <\/div>\t\t<\/div>\n\t\t\t\t<\/div>\n\t\t\t\t\t<\/div>\n\t\t\t\t<\/div>\n\t\t<div class=\"elementor-element elementor-element-0c97f44 e-flex e-con-boxed e-con e-child\" data-id=\"0c97f44\" data-element_type=\"container\">\n\t\t\t\t\t<div class=\"e-con-inner\">\n\t\t\t\t<div class=\"elementor-element elementor-element-8558b28 elementor-widget elementor-widget-heading\" data-id=\"8558b28\" data-element_type=\"widget\" data-widget_type=\"heading.default\">\n\t\t\t\t<div class=\"elementor-widget-container\">\n\t\t\t<h4 class=\"elementor-heading-title elementor-size-default\">We look forward to seeing you.<\/h4>\t\t<\/div>\n\t\t\t\t<\/div>\n\t\t\t\t<div class=\"elementor-element elementor-element-ee7b721 elementor-widget elementor-widget-heading\" data-id=\"ee7b721\" data-element_type=\"widget\" data-widget_type=\"heading.default\">\n\t\t\t\t<div class=\"elementor-widget-container\">\n\t\t\t<h4 class=\"elementor-heading-title elementor-size-default\">Rinc\u00f3n 467 6\u00b0B, C.P. 11.100, Montevideo, Uruguay.<\/h4>\t\t<\/div>\n\t\t\t\t<\/div>\n\t\t\t\t<div class=\"elementor-element elementor-element-1384bf9 elementor-widget elementor-widget-google_maps\" data-id=\"1384bf9\" data-element_type=\"widget\" data-widget_type=\"google_maps.default\">\n\t\t\t\t<div class=\"elementor-widget-container\">\n\t\t\t<style>\/*! elementor - v3.23.0 - 25-07-2024 *\/\n.elementor-widget-google_maps .elementor-widget-container{overflow:hidden}.elementor-widget-google_maps .elementor-custom-embed{line-height:0}.elementor-widget-google_maps iframe{height:300px}<\/style>\t\t<div class=\"elementor-custom-embed\">\n\t\t\t<iframe loading=\"lazy\"\n\t\t\t\t\tsrc=\"https:\/\/maps.google.com\/maps?q=gustavo%20dendi&#038;t=m&#038;z=10&#038;output=embed&#038;iwloc=near\"\n\t\t\t\t\ttitle=\"gustavo dendi\"\n\t\t\t\t\taria-label=\"gustavo dendi\"\n\t\t\t><\/iframe>\n\t\t<\/div>\n\t\t\t\t<\/div>\n\t\t\t\t<\/div>\n\t\t<div class=\"elementor-element elementor-element-f547802 e-con-full e-flex e-con e-child\" data-id=\"f547802\" data-element_type=\"container\">\n\t\t<div class=\"elementor-element elementor-element-5f21093 e-con-full e-flex e-con e-child\" data-id=\"5f21093\" data-element_type=\"container\">\n\t\t\t\t<div class=\"elementor-element elementor-element-995c11f elementor-widget elementor-widget-image\" data-id=\"995c11f\" data-element_type=\"widget\" data-widget_type=\"image.default\">\n\t\t\t\t<div class=\"elementor-widget-container\">\n\t\t\t\t\t\t\t\t\t\t\t\t\t<img loading=\"lazy\" decoding=\"async\" width=\"200\" height=\"338\" src=\"https:\/\/dendi.uy\/wp-content\/uploads\/2024\/08\/CS-211-R6-UNIT.jpg\" class=\"attachment-large size-large wp-image-748\" alt=\"\" srcset=\"https:\/\/dendi.uy\/wp-content\/uploads\/2024\/08\/CS-211-R6-UNIT.jpg 200w, https:\/\/dendi.uy\/wp-content\/uploads\/2024\/08\/CS-211-R6-UNIT-178x300.jpg 178w, https:\/\/dendi.uy\/wp-content\/uploads\/2024\/08\/CS-211-R6-UNIT-7x12.jpg 7w\" sizes=\"(max-width: 200px) 100vw, 200px\" \/>\t\t\t\t\t\t\t\t\t\t\t\t\t<\/div>\n\t\t\t\t<\/div>\n\t\t\t\t<\/div>\n\t\t<div class=\"elementor-element elementor-element-28f0920 e-con-full e-flex e-con e-child\" data-id=\"28f0920\" data-element_type=\"container\">\n\t\t\t\t<div class=\"elementor-element elementor-element-4ebdfcc elementor-widget__width-initial elementor-widget elementor-widget-image\" data-id=\"4ebdfcc\" data-element_type=\"widget\" data-widget_type=\"image.default\">\n\t\t\t\t<div class=\"elementor-widget-container\">\n\t\t\t\t\t\t\t\t\t\t\t\t\t<img loading=\"lazy\" decoding=\"async\" width=\"200\" height=\"349\" src=\"https:\/\/dendi.uy\/wp-content\/uploads\/2024\/08\/ER-0437-2012.jpg\" class=\"attachment-large size-large wp-image-745\" alt=\"\" srcset=\"https:\/\/dendi.uy\/wp-content\/uploads\/2024\/08\/ER-0437-2012.jpg 200w, https:\/\/dendi.uy\/wp-content\/uploads\/2024\/08\/ER-0437-2012-172x300.jpg 172w, https:\/\/dendi.uy\/wp-content\/uploads\/2024\/08\/ER-0437-2012-7x12.jpg 7w\" sizes=\"(max-width: 200px) 100vw, 200px\" \/>\t\t\t\t\t\t\t\t\t\t\t\t\t<\/div>\n\t\t\t\t<\/div>\n\t\t\t\t<\/div>\n\t\t<div class=\"elementor-element elementor-element-7e1bf94 e-con-full e-flex e-con e-child\" data-id=\"7e1bf94\" data-element_type=\"container\">\n\t\t\t\t<div class=\"elementor-element elementor-element-d952989 elementor-widget elementor-widget-image\" data-id=\"d952989\" data-element_type=\"widget\" data-widget_type=\"image.default\">\n\t\t\t\t<div class=\"elementor-widget-container\">\n\t\t\t\t\t\t\t\t\t\t\t\t\t<img loading=\"lazy\" decoding=\"async\" width=\"250\" height=\"248\" src=\"https:\/\/dendi.uy\/wp-content\/uploads\/2024\/08\/logo-iq-net-recortado.png\" class=\"attachment-large size-large wp-image-961\" alt=\"\" srcset=\"https:\/\/dendi.uy\/wp-content\/uploads\/2024\/08\/logo-iq-net-recortado.png 250w, https:\/\/dendi.uy\/wp-content\/uploads\/2024\/08\/logo-iq-net-recortado-150x150.png 150w, https:\/\/dendi.uy\/wp-content\/uploads\/2024\/08\/logo-iq-net-recortado-12x12.png 12w\" sizes=\"(max-width: 250px) 100vw, 250px\" \/>\t\t\t\t\t\t\t\t\t\t\t\t\t<\/div>\n\t\t\t\t<\/div>\n\t\t\t\t<\/div>\n\t\t<div class=\"elementor-element elementor-element-a169800 e-con-full e-flex e-con e-child\" data-id=\"a169800\" data-element_type=\"container\">\n\t\t\t\t<div class=\"elementor-element elementor-element-4ba8cbd elementor-widget elementor-widget-image\" data-id=\"4ba8cbd\" data-element_type=\"widget\" data-widget_type=\"image.default\">\n\t\t\t\t<div class=\"elementor-widget-container\">\n\t\t\t\t\t\t\t\t\t\t\t\t\t<img loading=\"lazy\" decoding=\"async\" width=\"426\" height=\"300\" src=\"https:\/\/dendi.uy\/wp-content\/uploads\/2024\/08\/logo_pequeno_72-copia.jpg\" class=\"attachment-large size-large wp-image-747\" alt=\"\" srcset=\"https:\/\/dendi.uy\/wp-content\/uploads\/2024\/08\/logo_pequeno_72-copia.jpg 426w, https:\/\/dendi.uy\/wp-content\/uploads\/2024\/08\/logo_pequeno_72-copia-300x211.jpg 300w, https:\/\/dendi.uy\/wp-content\/uploads\/2024\/08\/logo_pequeno_72-copia-18x12.jpg 18w\" sizes=\"(max-width: 426px) 100vw, 426px\" \/>\t\t\t\t\t\t\t\t\t\t\t\t\t<\/div>\n\t\t\t\t<\/div>\n\t\t\t\t<\/div>\n\t\t\t\t<\/div>\n\t\t\t\t\t<\/div>\n\t\t\t\t<\/div>\n\t\t\t\t\t<\/div>\n\t\t\t\t<\/div>\n\t\t\t\t<\/div>","protected":false},"excerpt":{"rendered":"<p>Estamos para asesorarte \u00bfEn qu\u00e9 te podemos ayudar? * Nombre * Empresa * Mail Tel\u00e9fono * Consulta: Te esperamos Rinc\u00f3n 467 6\u00b0B, C.P. 11.100, Montevideo, Uruguay.<\/p>","protected":false},"author":1,"featured_media":0,"parent":0,"menu_order":0,"comment_status":"closed","ping_status":"closed","template":"","meta":{"footnotes":""},"class_list":["post-951","page","type-page","status-publish","hentry"],"_links":{"self":[{"href":"https:\/\/dendi.uy\/en\/wp-json\/wp\/v2\/pages\/951","targetHints":{"allow":["GET"]}}],"collection":[{"href":"https:\/\/dendi.uy\/en\/wp-json\/wp\/v2\/pages"}],"about":[{"href":"https:\/\/dendi.uy\/en\/wp-json\/wp\/v2\/types\/page"}],"author":[{"embeddable":true,"href":"https:\/\/dendi.uy\/en\/wp-json\/wp\/v2\/users\/1"}],"replies":[{"embeddable":true,"href":"https:\/\/dendi.uy\/en\/wp-json\/wp\/v2\/comments?post=951"}],"version-history":[{"count":18,"href":"https:\/\/dendi.uy\/en\/wp-json\/wp\/v2\/pages\/951\/revisions"}],"predecessor-version":[{"id":976,"href":"https:\/\/dendi.uy\/en\/wp-json\/wp\/v2\/pages\/951\/revisions\/976"}],"wp:attachment":[{"href":"https:\/\/dendi.uy\/en\/wp-json\/wp\/v2\/media?parent=951"}],"curies":[{"name":"wp","href":"https:\/\/api.w.org\/{rel}","templated":true}]}}